{"id":89,"date":"2017-06-28T14:38:41","date_gmt":"2017-06-28T12:38:41","guid":{"rendered":"http:\/\/serwer1709461.home.pl\/?page_id=89"},"modified":"2017-06-28T14:38:41","modified_gmt":"2017-06-28T12:38:41","slug":"podroze","status":"publish","type":"page","link":"https:\/\/kwolki.pl\/?page_id=89","title":{"rendered":"Podr\u00f3\u017ce"},"content":{"rendered":"<p>Nasze bycie razem to dalsze lub bli\u017csze podr\u00f3\u017ce. Te za r\u00f3g i te na drugi koniec \u015bwiata.<\/p>\n","protected":false},"excerpt":{"rendered":"<p>Nasze bycie razem to dalsze lub bli\u017csze podr\u00f3\u017ce. Te za r\u00f3g i te na drugi koniec \u015bwiata.<\/p>\n","protected":false},"author":2,"featured_media":21,"parent":0,"menu_order":2,"comment_status":"closed","ping_status":"closed","template":"","meta":{"footnotes":""},"class_list":["post-89","page","type-page","status-publish","has-post-thumbnail","hentry"],"yoast_head":"<!-- This site is optimized with the Yoast SEO plugin v19.0 - https:\/\/yoast.com\/wordpress\/plugins\/seo\/ -->\n<title>Podr\u00f3\u017ce - Kwolki<\/title>\n<meta name=\"robots\" content=\"index, follow, max-snippet:-1, max-image-preview:large, max-video-preview:-1\" \/>\n<link rel=\"canonical\" href=\"https:\/\/kwolki.pl\/?page_id=89\" \/>\n<meta property=\"og:locale\" content=\"en_US\" \/>\n<meta property=\"og:type\" content=\"article\" \/>\n<meta property=\"og:title\" content=\"Podr\u00f3\u017ce - Kwolki\" \/>\n<meta property=\"og:description\" content=\"Nasze bycie razem to dalsze lub bli\u017csze podr\u00f3\u017ce. Te za r\u00f3g i te na drugi koniec \u015bwiata.\" \/>\n<meta property=\"og:url\" content=\"https:\/\/kwolki.pl\/?page_id=89\" \/>\n<meta property=\"og:site_name\" content=\"Kwolki\" \/>\n<meta name=\"twitter:card\" content=\"summary_large_image\" \/>\n<script type=\"application\/ld+json\" class=\"yoast-schema-graph\">{\"@context\":\"https:\/\/schema.org\",\"@graph\":[{\"@type\":\"WebSite\",\"@id\":\"https:\/\/kwolki.pl\/#website\",\"url\":\"https:\/\/kwolki.pl\/\",\"name\":\"Kwolki\",\"description\":\"czyli dwoje i pies...\",\"potentialAction\":[{\"@type\":\"SearchAction\",\"target\":{\"@type\":\"EntryPoint\",\"urlTemplate\":\"https:\/\/kwolki.pl\/?s={search_term_string}\"},\"query-input\":\"required name=search_term_string\"}],\"inLanguage\":\"en-US\"},{\"@type\":\"ImageObject\",\"inLanguage\":\"en-US\",\"@id\":\"https:\/\/kwolki.pl\/?page_id=89#primaryimage\",\"url\":\"\",\"contentUrl\":\"\"},{\"@type\":\"WebPage\",\"@id\":\"https:\/\/kwolki.pl\/?page_id=89#webpage\",\"url\":\"https:\/\/kwolki.pl\/?page_id=89\",\"name\":\"Podr\u00f3\u017ce - Kwolki\",\"isPartOf\":{\"@id\":\"https:\/\/kwolki.pl\/#website\"},\"primaryImageOfPage\":{\"@id\":\"https:\/\/kwolki.pl\/?page_id=89#primaryimage\"},\"datePublished\":\"2017-06-28T12:38:41+00:00\",\"dateModified\":\"2017-06-28T12:38:41+00:00\",\"breadcrumb\":{\"@id\":\"https:\/\/kwolki.pl\/?page_id=89#breadcrumb\"},\"inLanguage\":\"en-US\",\"potentialAction\":[{\"@type\":\"ReadAction\",\"target\":[\"https:\/\/kwolki.pl\/?page_id=89\"]}]},{\"@type\":\"BreadcrumbList\",\"@id\":\"https:\/\/kwolki.pl\/?page_id=89#breadcrumb\",\"itemListElement\":[{\"@type\":\"ListItem\",\"position\":1,\"name\":\"Home\",\"item\":\"https:\/\/kwolki.pl\/\"},{\"@type\":\"ListItem\",\"position\":2,\"name\":\"Podr\u00f3\u017ce\"}]}]}<\/script>\n<!-- \/ Yoast SEO plugin. -->","yoast_head_json":{"title":"Podr\u00f3\u017ce - Kwolki","robots":{"index":"index","follow":"follow","max-snippet":"max-snippet:-1","max-image-preview":"max-image-preview:large","max-video-preview":"max-video-preview:-1"},"canonical":"https:\/\/kwolki.pl\/?page_id=89","og_locale":"en_US","og_type":"article","og_title":"Podr\u00f3\u017ce - Kwolki","og_description":"Nasze bycie razem to dalsze lub bli\u017csze podr\u00f3\u017ce. Te za r\u00f3g i te na drugi koniec \u015bwiata.","og_url":"https:\/\/kwolki.pl\/?page_id=89","og_site_name":"Kwolki","twitter_card":"summary_large_image","schema":{"@context":"https:\/\/schema.org","@graph":[{"@type":"WebSite","@id":"https:\/\/kwolki.pl\/#website","url":"https:\/\/kwolki.pl\/","name":"Kwolki","description":"czyli dwoje i pies...","potentialAction":[{"@type":"SearchAction","target":{"@type":"EntryPoint","urlTemplate":"https:\/\/kwolki.pl\/?s={search_term_string}"},"query-input":"required name=search_term_string"}],"inLanguage":"en-US"},{"@type":"ImageObject","inLanguage":"en-US","@id":"https:\/\/kwolki.pl\/?page_id=89#primaryimage","url":"","contentUrl":""},{"@type":"WebPage","@id":"https:\/\/kwolki.pl\/?page_id=89#webpage","url":"https:\/\/kwolki.pl\/?page_id=89","name":"Podr\u00f3\u017ce - Kwolki","isPartOf":{"@id":"https:\/\/kwolki.pl\/#website"},"primaryImageOfPage":{"@id":"https:\/\/kwolki.pl\/?page_id=89#primaryimage"},"datePublished":"2017-06-28T12:38:41+00:00","dateModified":"2017-06-28T12:38:41+00:00","breadcrumb":{"@id":"https:\/\/kwolki.pl\/?page_id=89#breadcrumb"},"inLanguage":"en-US","potentialAction":[{"@type":"ReadAction","target":["https:\/\/kwolki.pl\/?page_id=89"]}]},{"@type":"BreadcrumbList","@id":"https:\/\/kwolki.pl\/?page_id=89#breadcrumb","itemListElement":[{"@type":"ListItem","position":1,"name":"Home","item":"https:\/\/kwolki.pl\/"},{"@type":"ListItem","position":2,"name":"Podr\u00f3\u017ce"}]}]}},"_links":{"self":[{"href":"https:\/\/kwolki.pl\/index.php?rest_route=\/wp\/v2\/pages\/89","targetHints":{"allow":["GET"]}}],"collection":[{"href":"https:\/\/kwolki.pl\/index.php?rest_route=\/wp\/v2\/pages"}],"about":[{"href":"https:\/\/kwolki.pl\/index.php?rest_route=\/wp\/v2\/types\/page"}],"author":[{"embeddable":true,"href":"https:\/\/kwolki.pl\/index.php?rest_route=\/wp\/v2\/users\/2"}],"replies":[{"embeddable":true,"href":"https:\/\/kwolki.pl\/index.php?rest_route=%2Fwp%2Fv2%2Fcomments&post=89"}],"version-history":[{"count":0,"href":"https:\/\/kwolki.pl\/index.php?rest_route=\/wp\/v2\/pages\/89\/revisions"}],"wp:featuredmedia":[{"embeddable":true,"href":"https:\/\/kwolki.pl\/index.php?rest_route=\/"}],"wp:attachment":[{"href":"https:\/\/kwolki.pl\/index.php?rest_route=%2Fwp%2Fv2%2Fmedia&parent=89"}],"curies":[{"name":"wp","href":"https:\/\/api.w.org\/{rel}","templated":true}]}}