{"id":206,"date":"2017-08-07T22:03:49","date_gmt":"2017-08-07T20:03:49","guid":{"rendered":"http:\/\/kwolki.pl\/?page_id=206"},"modified":"2017-08-07T22:03:49","modified_gmt":"2017-08-07T20:03:49","slug":"czytamy","status":"publish","type":"page","link":"https:\/\/kwolki.pl\/?page_id=206","title":{"rendered":"Czytamy"},"content":{"rendered":"<p>S\u0142owo pisane jest pi\u0119kne. S\u0142owo pisane ma swoj\u0105 si\u0142\u0119. Kochamy czyta\u0107 &#8211; ksi\u0105\u017cki, magazyny, gazety, ebooki. B\u0119dziemy pisa\u0107 o tym co ciekawego ostatnio przeczytali\u015bmy.<\/p>\n","protected":false},"excerpt":{"rendered":"<p>S\u0142owo pisane jest pi\u0119kne. S\u0142owo pisane ma swoj\u0105 si\u0142\u0119. Kochamy czyta\u0107 &#8211; ksi\u0105\u017cki, magazyny, gazety, ebooki. B\u0119dziemy pisa\u0107 o tym [&hellip;]<\/p>\n","protected":false},"author":3,"featured_media":0,"parent":0,"menu_order":0,"comment_status":"closed","ping_status":"closed","template":"","meta":{"footnotes":""},"class_list":["post-206","page","type-page","status-publish","hentry"],"yoast_head":"<!-- This site is optimized with the Yoast SEO plugin v19.0 - https:\/\/yoast.com\/wordpress\/plugins\/seo\/ -->\n<title>Czytamy - Kwolki<\/title>\n<meta name=\"robots\" content=\"index, follow, max-snippet:-1, max-image-preview:large, max-video-preview:-1\" \/>\n<link rel=\"canonical\" href=\"https:\/\/kwolki.pl\/?page_id=206\" \/>\n<meta property=\"og:locale\" content=\"en_US\" \/>\n<meta property=\"og:type\" content=\"article\" \/>\n<meta property=\"og:title\" content=\"Czytamy - Kwolki\" \/>\n<meta property=\"og:description\" content=\"S\u0142owo pisane jest pi\u0119kne. S\u0142owo pisane ma swoj\u0105 si\u0142\u0119. Kochamy czyta\u0107 &#8211; ksi\u0105\u017cki, magazyny, gazety, ebooki. B\u0119dziemy pisa\u0107 o tym [&hellip;]\" \/>\n<meta property=\"og:url\" content=\"https:\/\/kwolki.pl\/?page_id=206\" \/>\n<meta property=\"og:site_name\" content=\"Kwolki\" \/>\n<meta name=\"twitter:card\" content=\"summary_large_image\" \/>\n<script type=\"application\/ld+json\" class=\"yoast-schema-graph\">{\"@context\":\"https:\/\/schema.org\",\"@graph\":[{\"@type\":\"WebSite\",\"@id\":\"https:\/\/kwolki.pl\/#website\",\"url\":\"https:\/\/kwolki.pl\/\",\"name\":\"Kwolki\",\"description\":\"czyli dwoje i pies...\",\"potentialAction\":[{\"@type\":\"SearchAction\",\"target\":{\"@type\":\"EntryPoint\",\"urlTemplate\":\"https:\/\/kwolki.pl\/?s={search_term_string}\"},\"query-input\":\"required name=search_term_string\"}],\"inLanguage\":\"en-US\"},{\"@type\":\"WebPage\",\"@id\":\"https:\/\/kwolki.pl\/?page_id=206#webpage\",\"url\":\"https:\/\/kwolki.pl\/?page_id=206\",\"name\":\"Czytamy - Kwolki\",\"isPartOf\":{\"@id\":\"https:\/\/kwolki.pl\/#website\"},\"datePublished\":\"2017-08-07T20:03:49+00:00\",\"dateModified\":\"2017-08-07T20:03:49+00:00\",\"breadcrumb\":{\"@id\":\"https:\/\/kwolki.pl\/?page_id=206#breadcrumb\"},\"inLanguage\":\"en-US\",\"potentialAction\":[{\"@type\":\"ReadAction\",\"target\":[\"https:\/\/kwolki.pl\/?page_id=206\"]}]},{\"@type\":\"BreadcrumbList\",\"@id\":\"https:\/\/kwolki.pl\/?page_id=206#breadcrumb\",\"itemListElement\":[{\"@type\":\"ListItem\",\"position\":1,\"name\":\"Home\",\"item\":\"https:\/\/kwolki.pl\/\"},{\"@type\":\"ListItem\",\"position\":2,\"name\":\"Czytamy\"}]}]}<\/script>\n<!-- \/ Yoast SEO plugin. -->","yoast_head_json":{"title":"Czytamy - Kwolki","robots":{"index":"index","follow":"follow","max-snippet":"max-snippet:-1","max-image-preview":"max-image-preview:large","max-video-preview":"max-video-preview:-1"},"canonical":"https:\/\/kwolki.pl\/?page_id=206","og_locale":"en_US","og_type":"article","og_title":"Czytamy - Kwolki","og_description":"S\u0142owo pisane jest pi\u0119kne. S\u0142owo pisane ma swoj\u0105 si\u0142\u0119. Kochamy czyta\u0107 &#8211; ksi\u0105\u017cki, magazyny, gazety, ebooki. B\u0119dziemy pisa\u0107 o tym [&hellip;]","og_url":"https:\/\/kwolki.pl\/?page_id=206","og_site_name":"Kwolki","twitter_card":"summary_large_image","schema":{"@context":"https:\/\/schema.org","@graph":[{"@type":"WebSite","@id":"https:\/\/kwolki.pl\/#website","url":"https:\/\/kwolki.pl\/","name":"Kwolki","description":"czyli dwoje i pies...","potentialAction":[{"@type":"SearchAction","target":{"@type":"EntryPoint","urlTemplate":"https:\/\/kwolki.pl\/?s={search_term_string}"},"query-input":"required name=search_term_string"}],"inLanguage":"en-US"},{"@type":"WebPage","@id":"https:\/\/kwolki.pl\/?page_id=206#webpage","url":"https:\/\/kwolki.pl\/?page_id=206","name":"Czytamy - Kwolki","isPartOf":{"@id":"https:\/\/kwolki.pl\/#website"},"datePublished":"2017-08-07T20:03:49+00:00","dateModified":"2017-08-07T20:03:49+00:00","breadcrumb":{"@id":"https:\/\/kwolki.pl\/?page_id=206#breadcrumb"},"inLanguage":"en-US","potentialAction":[{"@type":"ReadAction","target":["https:\/\/kwolki.pl\/?page_id=206"]}]},{"@type":"BreadcrumbList","@id":"https:\/\/kwolki.pl\/?page_id=206#breadcrumb","itemListElement":[{"@type":"ListItem","position":1,"name":"Home","item":"https:\/\/kwolki.pl\/"},{"@type":"ListItem","position":2,"name":"Czytamy"}]}]}},"_links":{"self":[{"href":"https:\/\/kwolki.pl\/index.php?rest_route=\/wp\/v2\/pages\/206","targetHints":{"allow":["GET"]}}],"collection":[{"href":"https:\/\/kwolki.pl\/index.php?rest_route=\/wp\/v2\/pages"}],"about":[{"href":"https:\/\/kwolki.pl\/index.php?rest_route=\/wp\/v2\/types\/page"}],"author":[{"embeddable":true,"href":"https:\/\/kwolki.pl\/index.php?rest_route=\/wp\/v2\/users\/3"}],"replies":[{"embeddable":true,"href":"https:\/\/kwolki.pl\/index.php?rest_route=%2Fwp%2Fv2%2Fcomments&post=206"}],"version-history":[{"count":0,"href":"https:\/\/kwolki.pl\/index.php?rest_route=\/wp\/v2\/pages\/206\/revisions"}],"wp:attachment":[{"href":"https:\/\/kwolki.pl\/index.php?rest_route=%2Fwp%2Fv2%2Fmedia&parent=206"}],"curies":[{"name":"wp","href":"https:\/\/api.w.org\/{rel}","templated":true}]}}